{"id":26,"date":"2023-03-08T17:22:47","date_gmt":"2023-03-08T16:22:47","guid":{"rendered":"https:\/\/www.averdes.com\/?page_id=26"},"modified":"2025-10-10T12:47:35","modified_gmt":"2025-10-10T10:47:35","slug":"kontakt","status":"publish","type":"page","link":"https:\/\/www.averdes.com\/en\/kontakt\/","title":{"rendered":"Contact"},"content":{"rendered":"<div data-elementor-type=\"wp-page\" data-elementor-id=\"26\" class=\"elementor elementor-26\" data-elementor-post-type=\"page\">\n\t\t\t\t\t\t<section class=\"elementor-section elementor-top-section elementor-element elementor-element-7cd4dc6 elementor-section-height-min-height elementor-section-boxed elementor-section-height-default elementor-section-items-middle\" data-id=\"7cd4dc6\" data-element_type=\"section\" data-e-type=\"section\">\n\t\t\t\t\t\t<div class=\"elementor-container elementor-column-gap-no\">\n\t\t\t\t\t<div class=\"elementor-column elementor-col-50 elementor-top-column elementor-element elementor-element-d4d9471\" data-id=\"d4d9471\" data-element_type=\"column\" data-e-type=\"column\">\n\t\t\t<div class=\"elementor-widget-wrap elementor-element-populated\">\n\t\t\t\t\t\t<div class=\"elementor-element elementor-element-9f0c896 elementor-widget elementor-widget-text-editor\" data-id=\"9f0c896\" data-element_type=\"widget\" data-e-type=\"widget\" data-widget_type=\"text-editor.default\">\n\t\t\t\t<div class=\"elementor-widget-container\">\n\t\t\t\t\t\t\t\t\t<p><b>Contact<\/b><\/p>\t\t\t\t\t\t\t\t<\/div>\n\t\t\t\t<\/div>\n\t\t\t\t<div class=\"elementor-element elementor-element-5720876 elementor-widget elementor-widget-heading\" data-id=\"5720876\" data-element_type=\"widget\" data-e-type=\"widget\" data-widget_type=\"heading.default\">\n\t\t\t\t<div class=\"elementor-widget-container\">\n\t\t\t\t\t<h1 class=\"elementor-heading-title elementor-size-default\">Interested?<\/h1>\t\t\t\t<\/div>\n\t\t\t\t<\/div>\n\t\t\t\t<div class=\"elementor-element elementor-element-eb03dd0 elementor-widget elementor-widget-text-editor\" data-id=\"eb03dd0\" data-element_type=\"widget\" data-e-type=\"widget\" data-widget_type=\"text-editor.default\">\n\t\t\t\t<div class=\"elementor-widget-container\">\n\t\t\t\t\t\t\t\t\t<p>We\u2019re excited to get in touch with you.<span class=\"Apple-converted-space\">\u00a0<\/span><\/p>\t\t\t\t\t\t\t\t<\/div>\n\t\t\t\t<\/div>\n\t\t\t\t\t<\/div>\n\t\t<\/div>\n\t\t\t\t<div class=\"elementor-column elementor-col-50 elementor-top-column elementor-element elementor-element-5692f1d\" data-id=\"5692f1d\" data-element_type=\"column\" data-e-type=\"column\">\n\t\t\t<div class=\"elementor-widget-wrap elementor-element-populated\">\n\t\t\t\t\t\t<div class=\"elementor-element elementor-element-460a355 elementor-icon-list--layout-traditional elementor-list-item-link-full_width elementor-widget elementor-widget-icon-list\" data-id=\"460a355\" data-element_type=\"widget\" data-e-type=\"widget\" data-widget_type=\"icon-list.default\">\n\t\t\t\t<div class=\"elementor-widget-container\">\n\t\t\t\t\t\t\t<ul class=\"elementor-icon-list-items\">\n\t\t\t\t\t\t\t<li class=\"elementor-icon-list-item\">\n\t\t\t\t\t\t\t\t\t\t\t<a href=\"tel:+49%207253%20989%204499\">\n\n\t\t\t\t\t\t\t\t\t\t\t\t<span class=\"elementor-icon-list-icon\">\n\t\t\t\t\t\t\t<i aria-hidden=\"true\" class=\"icon icon-phone-call1\"><\/i>\t\t\t\t\t\t<\/span>\n\t\t\t\t\t\t\t\t\t\t<span class=\"elementor-icon-list-text\">+49 7253 989 4499<\/span>\n\t\t\t\t\t\t\t\t\t\t\t<\/a>\n\t\t\t\t\t\t\t\t\t<\/li>\n\t\t\t\t\t\t\t\t<li class=\"elementor-icon-list-item\">\n\t\t\t\t\t\t\t\t\t\t\t<a href=\"mailto:info@averdes.com\">\n\n\t\t\t\t\t\t\t\t\t\t\t\t<span class=\"elementor-icon-list-icon\">\n\t\t\t\t\t\t\t<i aria-hidden=\"true\" class=\"icon icon-envelope2\"><\/i>\t\t\t\t\t\t<\/span>\n\t\t\t\t\t\t\t\t\t\t<span class=\"elementor-icon-list-text\">info@averdes.com<\/span>\n\t\t\t\t\t\t\t\t\t\t\t<\/a>\n\t\t\t\t\t\t\t\t\t<\/li>\n\t\t\t\t\t\t\t\t<li class=\"elementor-icon-list-item\">\n\t\t\t\t\t\t\t\t\t\t\t<a href=\"https:\/\/www.google.com\/maps\/dir\/\/averdes+gmbh\/data=!4m6!4m5!1m1!4e2!1m2!1m1!1s0x479797e746902e27:0x51be2bda6bfb717?sa=X&#038;ved=2ahUKEwjUwrL24sX-AhWoUKQEHc5NCQUQ9Rd6BAg7EAU\" target=\"_blank\">\n\n\t\t\t\t\t\t\t\t\t\t\t\t<span class=\"elementor-icon-list-icon\">\n\t\t\t\t\t\t\t<i aria-hidden=\"true\" class=\"icon icon-map-marker1\"><\/i>\t\t\t\t\t\t<\/span>\n\t\t\t\t\t\t\t\t\t\t<span class=\"elementor-icon-list-text\">Hauptstrasse 118,  D-76684 Oestringen, Germany<\/span>\n\t\t\t\t\t\t\t\t\t\t\t<\/a>\n\t\t\t\t\t\t\t\t\t<\/li>\n\t\t\t\t\t\t<\/ul>\n\t\t\t\t\t\t<\/div>\n\t\t\t\t<\/div>\n\t\t\t\t\t<\/div>\n\t\t<\/div>\n\t\t\t\t\t<\/div>\n\t\t<\/section>\n\t\t\t\t<section class=\"elementor-section elementor-top-section elementor-element elementor-element-122528c elementor-section-boxed elementor-section-height-default elementor-section-height-default\" data-id=\"122528c\" data-element_type=\"section\" data-e-type=\"section\">\n\t\t\t\t\t\t<div class=\"elementor-container elementor-column-gap-no\">\n\t\t\t\t\t<div class=\"elementor-column elementor-col-50 elementor-top-column elementor-element elementor-element-7a11d03\" data-id=\"7a11d03\" data-element_type=\"column\" data-e-type=\"column\">\n\t\t\t<div class=\"elementor-widget-wrap elementor-element-populated\">\n\t\t\t\t\t\t<div class=\"elementor-element elementor-element-013a666 elementor-widget elementor-widget-text-editor\" data-id=\"013a666\" data-element_type=\"widget\" data-e-type=\"widget\" data-widget_type=\"text-editor.default\">\n\t\t\t\t<div class=\"elementor-widget-container\">\n\t\t\t\t\t\t\t\t\t<p><b>Contact us<\/b><\/p>\t\t\t\t\t\t\t\t<\/div>\n\t\t\t\t<\/div>\n\t\t\t\t<div class=\"elementor-element elementor-element-6c38dda elementor-widget elementor-widget-heading\" data-id=\"6c38dda\" data-element_type=\"widget\" data-e-type=\"widget\" data-widget_type=\"heading.default\">\n\t\t\t\t<div class=\"elementor-widget-container\">\n\t\t\t\t\t<h2 class=\"elementor-heading-title elementor-size-default\">What can we do for you?<\/h2>\t\t\t\t<\/div>\n\t\t\t\t<\/div>\n\t\t\t\t<div class=\"elementor-element elementor-element-5ce10b1 elementor-widget elementor-widget-text-editor\" data-id=\"5ce10b1\" data-element_type=\"widget\" data-e-type=\"widget\" data-widget_type=\"text-editor.default\">\n\t\t\t\t<div class=\"elementor-widget-container\">\n\t\t\t\t\t\t\t\t\t<p>Would you like to book a consultation appointment? Do you have questions about us or our services? Or would you like to join our team? We are happy to help.<\/p>\t\t\t\t\t\t\t\t<\/div>\n\t\t\t\t<\/div>\n\t\t\t\t\t<\/div>\n\t\t<\/div>\n\t\t\t\t<div class=\"elementor-column elementor-col-50 elementor-top-column elementor-element elementor-element-9c092de\" data-id=\"9c092de\" data-element_type=\"column\" data-e-type=\"column\">\n\t\t\t<div class=\"elementor-widget-wrap elementor-element-populated\">\n\t\t\t\t\t\t<div class=\"elementor-element elementor-element-710ce2f elementor-align-justify elementor-widget elementor-widget-button\" data-id=\"710ce2f\" data-element_type=\"widget\" data-e-type=\"widget\" data-widget_type=\"button.default\">\n\t\t\t\t<div class=\"elementor-widget-container\">\n\t\t\t\t\t\t\t\t\t<div class=\"elementor-button-wrapper\">\n\t\t\t\t\t<a class=\"elementor-button elementor-button-link elementor-size-sm elementor-animation-float\" href=\"https:\/\/www.averdes.com\/en\/beratungstermin\/\">\n\t\t\t\t\t\t<span class=\"elementor-button-content-wrapper\">\n\t\t\t\t\t\t\t\t\t<span class=\"elementor-button-text\">I would like to book a consultation appointment<\/span>\n\t\t\t\t\t<\/span>\n\t\t\t\t\t<\/a>\n\t\t\t\t<\/div>\n\t\t\t\t\t\t\t\t<\/div>\n\t\t\t\t<\/div>\n\t\t\t\t<div class=\"elementor-element elementor-element-5439263 elementor-align-justify elementor-widget elementor-widget-button\" data-id=\"5439263\" data-element_type=\"widget\" data-e-type=\"widget\" data-widget_type=\"button.default\">\n\t\t\t\t<div class=\"elementor-widget-container\">\n\t\t\t\t\t\t\t\t\t<div class=\"elementor-button-wrapper\">\n\t\t\t\t\t<a class=\"elementor-button elementor-button-link elementor-size-sm elementor-animation-float\" href=\"mailto:kontakt@averdes.com\">\n\t\t\t\t\t\t<span class=\"elementor-button-content-wrapper\">\n\t\t\t\t\t\t\t\t\t<span class=\"elementor-button-text\">I have a question about Averdes or would like written documentation<\/span>\n\t\t\t\t\t<\/span>\n\t\t\t\t\t<\/a>\n\t\t\t\t<\/div>\n\t\t\t\t\t\t\t\t<\/div>\n\t\t\t\t<\/div>\n\t\t\t\t<div class=\"elementor-element elementor-element-5689bd4 elementor-align-justify elementor-widget elementor-widget-button\" data-id=\"5689bd4\" data-element_type=\"widget\" data-e-type=\"widget\" data-widget_type=\"button.default\">\n\t\t\t\t<div class=\"elementor-widget-container\">\n\t\t\t\t\t\t\t\t\t<div class=\"elementor-button-wrapper\">\n\t\t\t\t\t<a class=\"elementor-button elementor-button-link elementor-size-sm elementor-animation-float\" href=\"https:\/\/www.averdes.com\/en\/unternehmen\/jobs\/\">\n\t\t\t\t\t\t<span class=\"elementor-button-content-wrapper\">\n\t\t\t\t\t\t\t\t\t<span class=\"elementor-button-text\">Apply to join our team<\/span>\n\t\t\t\t\t<\/span>\n\t\t\t\t\t<\/a>\n\t\t\t\t<\/div>\n\t\t\t\t\t\t\t\t<\/div>\n\t\t\t\t<\/div>\n\t\t\t\t\t<\/div>\n\t\t<\/div>\n\t\t\t\t\t<\/div>\n\t\t<\/section>\n\t\t\t\t<\/div>","protected":false},"excerpt":{"rendered":"<p>Kontakt Wir haben Ihr Interesse geweckt? Klasse. Wir freuen uns, Sie kennen zu lernen.\u00a0 +49 7253 989 4499 info@averdes.com Hauptstra\u00dfe 118, D-76684 \u00d6stringen Ihre Fragen Was k\u00f6nnen wir f\u00fcr Sie tun? M\u00f6chten Sie einen Beratungstermin vereinbaren, haben Sie eine andere Frage zu unseren Leistungen oder wollen Sie Teil unseres Teams werden? Wir helfen Ihnen gerne [&hellip;]<\/p>\n","protected":false},"author":1,"featured_media":0,"parent":0,"menu_order":0,"comment_status":"closed","ping_status":"closed","template":"","meta":{"site-sidebar-layout":"no-sidebar","site-content-layout":"page-builder","ast-site-content-layout":"full-width-container","site-content-style":"unboxed","site-sidebar-style":"unboxed","ast-global-header-display":"disabled","ast-banner-title-visibility":"","ast-main-header-display":"","ast-hfb-above-header-display":"","ast-hfb-below-header-display":"","ast-hfb-mobile-header-display":"","site-post-title":"disabled","ast-breadcrumbs-content":"","ast-featured-img":"disabled","footer-sml-layout":"disabled","ast-disable-related-posts":"","theme-transparent-header-meta":"","adv-header-id-meta":"","stick-header-meta":"","header-above-stick-meta":"","header-main-stick-meta":"","header-below-stick-meta":"","astra-migrate-meta-layouts":"set","ast-page-background-enabled":"default","ast-page-background-meta":{"desktop":{"background-color":"var(--ast-global-color-4)","background-image":"","background-repeat":"repeat","background-position":"center center","background-size":"auto","background-attachment":"scroll","background-type":"","background-media":"","overlay-type":"","overlay-color":"","overlay-opacity":"","overlay-gradient":""},"tablet":{"background-color":"","background-image":"","background-repeat":"repeat","background-position":"center center","background-size":"auto","background-attachment":"scroll","background-type":"","background-media":"","overlay-type":"","overlay-color":"","overlay-opacity":"","overlay-gradient":""},"mobile":{"background-color":"","background-image":"","background-repeat":"repeat","background-position":"center center","background-size":"auto","background-attachment":"scroll","background-type":"","background-media":"","overlay-type":"","overlay-color":"","overlay-opacity":"","overlay-gradient":""}},"ast-content-background-meta":{"desktop":{"background-color":"var(--ast-global-color-5)","background-image":"","background-repeat":"repeat","background-position":"center center","background-size":"auto","background-attachment":"scroll","background-type":"","background-media":"","overlay-type":"","overlay-color":"","overlay-opacity":"","overlay-gradient":""},"tablet":{"background-color":"var(--ast-global-color-5)","background-image":"","background-repeat":"repeat","background-position":"center center","background-size":"auto","background-attachment":"scroll","background-type":"","background-media":"","overlay-type":"","overlay-color":"","overlay-opacity":"","overlay-gradient":""},"mobile":{"background-color":"var(--ast-global-color-5)","background-image":"","background-repeat":"repeat","background-position":"center center","background-size":"auto","background-attachment":"scroll","background-type":"","background-media":"","overlay-type":"","overlay-color":"","overlay-opacity":"","overlay-gradient":""}},"footnotes":""},"class_list":["post-26","page","type-page","status-publish","hentry"],"yoast_head":"<!-- This site is optimized with the Yoast SEO plugin v27.4 - https:\/\/yoast.com\/product\/yoast-seo-wordpress\/ -->\n<title>Was k\u00f6nnen wir f\u00fcr Sie tun?<\/title>\n<meta name=\"description\" content=\"+49 7253 989 4499; info@averdes.com; Hauptstra\u00dfe 118, D-76684 \u00d6stringen\" \/>\n<meta name=\"robots\" content=\"index, follow, max-snippet:-1, max-image-preview:large, max-video-preview:-1\" \/>\n<link rel=\"canonical\" href=\"https:\/\/www.averdes.com\/en\/kontakt\/\" \/>\n<meta property=\"og:locale\" content=\"en_US\" \/>\n<meta property=\"og:type\" content=\"article\" \/>\n<meta property=\"og:title\" content=\"Was k\u00f6nnen wir f\u00fcr Sie tun?\" \/>\n<meta property=\"og:description\" content=\"+49 7253 989 4499; info@averdes.com; Hauptstra\u00dfe 118, D-76684 \u00d6stringen\" \/>\n<meta property=\"og:url\" content=\"https:\/\/www.averdes.com\/en\/kontakt\/\" \/>\n<meta property=\"og:site_name\" content=\"Averdes: Wir optimieren Ihre Accounting-Prozesse\" \/>\n<meta property=\"article:modified_time\" content=\"2025-10-10T10:47:35+00:00\" \/>\n<meta property=\"og:image\" content=\"https:\/\/www.averdes.com\/wp-content\/uploads\/2023\/03\/cropped-favicon.png\" \/>\n\t<meta property=\"og:image:width\" content=\"512\" \/>\n\t<meta property=\"og:image:height\" content=\"512\" \/>\n\t<meta property=\"og:image:type\" content=\"image\/png\" \/>\n<meta name=\"twitter:card\" content=\"summary_large_image\" \/>\n<meta name=\"twitter:label1\" content=\"Est. reading time\" \/>\n\t<meta name=\"twitter:data1\" content=\"1 minute\" \/>\n<script type=\"application\/ld+json\" class=\"yoast-schema-graph\">{\"@context\":\"https:\\\/\\\/schema.org\",\"@graph\":[{\"@type\":\"WebPage\",\"@id\":\"https:\\\/\\\/www.averdes.com\\\/kontakt\\\/\",\"url\":\"https:\\\/\\\/www.averdes.com\\\/kontakt\\\/\",\"name\":\"Was k\u00f6nnen wir f\u00fcr Sie tun?\",\"isPartOf\":{\"@id\":\"https:\\\/\\\/www.averdes.com\\\/#website\"},\"datePublished\":\"2023-03-08T16:22:47+00:00\",\"dateModified\":\"2025-10-10T10:47:35+00:00\",\"description\":\"+49 7253 989 4499; info@averdes.com; Hauptstra\u00dfe 118, D-76684 \u00d6stringen\",\"breadcrumb\":{\"@id\":\"https:\\\/\\\/www.averdes.com\\\/kontakt\\\/#breadcrumb\"},\"inLanguage\":\"en-US\",\"potentialAction\":[{\"@type\":\"ReadAction\",\"target\":[\"https:\\\/\\\/www.averdes.com\\\/kontakt\\\/\"]}]},{\"@type\":\"BreadcrumbList\",\"@id\":\"https:\\\/\\\/www.averdes.com\\\/kontakt\\\/#breadcrumb\",\"itemListElement\":[{\"@type\":\"ListItem\",\"position\":1,\"name\":\"Startseite\",\"item\":\"https:\\\/\\\/www.averdes.com\\\/\"},{\"@type\":\"ListItem\",\"position\":2,\"name\":\"Kontakt\"}]},{\"@type\":\"WebSite\",\"@id\":\"https:\\\/\\\/www.averdes.com\\\/#website\",\"url\":\"https:\\\/\\\/www.averdes.com\\\/\",\"name\":\"Averdes: Wir optimieren Ihre Accounting-Prozesse\",\"description\":\"Doppelzahlungen (und viele andere \u00dcberzahlungen) finden &amp; R\u00fcckforderung sichern \u2013 ohne Aufwand\",\"publisher\":{\"@id\":\"https:\\\/\\\/www.averdes.com\\\/#organization\"},\"potentialAction\":[{\"@type\":\"SearchAction\",\"target\":{\"@type\":\"EntryPoint\",\"urlTemplate\":\"https:\\\/\\\/www.averdes.com\\\/?s={search_term_string}\"},\"query-input\":{\"@type\":\"PropertyValueSpecification\",\"valueRequired\":true,\"valueName\":\"search_term_string\"}}],\"inLanguage\":\"en-US\"},{\"@type\":\"Organization\",\"@id\":\"https:\\\/\\\/www.averdes.com\\\/#organization\",\"name\":\"Averdes GmbH\",\"url\":\"https:\\\/\\\/www.averdes.com\\\/\",\"logo\":{\"@type\":\"ImageObject\",\"inLanguage\":\"en-US\",\"@id\":\"https:\\\/\\\/www.averdes.com\\\/#\\\/schema\\\/logo\\\/image\\\/\",\"url\":\"https:\\\/\\\/www.averdes.com\\\/wp-content\\\/uploads\\\/2023\\\/03\\\/cropped-favicon.png\",\"contentUrl\":\"https:\\\/\\\/www.averdes.com\\\/wp-content\\\/uploads\\\/2023\\\/03\\\/cropped-favicon.png\",\"width\":512,\"height\":512,\"caption\":\"Averdes GmbH\"},\"image\":{\"@id\":\"https:\\\/\\\/www.averdes.com\\\/#\\\/schema\\\/logo\\\/image\\\/\"},\"sameAs\":[\"https:\\\/\\\/www.xing.com\\\/pages\\\/averdesgmbh\",\"https:\\\/\\\/www.linkedin.com\\\/company\\\/averdes-gmbh\\\/\"]}]}<\/script>\n<!-- \/ Yoast SEO plugin. -->","yoast_head_json":{"title":"What can we do for you?","description":"+49 7253 989 4499; info@averdes.com; Hauptstra\u00dfe 118, D-76684 \u00d6stringen","robots":{"index":"index","follow":"follow","max-snippet":"max-snippet:-1","max-image-preview":"max-image-preview:large","max-video-preview":"max-video-preview:-1"},"canonical":"https:\/\/www.averdes.com\/en\/kontakt\/","og_locale":"en_US","og_type":"article","og_title":"Was k\u00f6nnen wir f\u00fcr Sie tun?","og_description":"+49 7253 989 4499; info@averdes.com; Hauptstra\u00dfe 118, D-76684 \u00d6stringen","og_url":"https:\/\/www.averdes.com\/en\/kontakt\/","og_site_name":"Averdes: Wir optimieren Ihre Accounting-Prozesse","article_modified_time":"2025-10-10T10:47:35+00:00","og_image":[{"width":512,"height":512,"url":"https:\/\/www.averdes.com\/wp-content\/uploads\/2023\/03\/cropped-favicon.png","type":"image\/png"}],"twitter_card":"summary_large_image","twitter_misc":{"Est. reading time":"1 minute"},"schema":{"@context":"https:\/\/schema.org","@graph":[{"@type":"WebPage","@id":"https:\/\/www.averdes.com\/kontakt\/","url":"https:\/\/www.averdes.com\/kontakt\/","name":"What can we do for you?","isPartOf":{"@id":"https:\/\/www.averdes.com\/#website"},"datePublished":"2023-03-08T16:22:47+00:00","dateModified":"2025-10-10T10:47:35+00:00","description":"+49 7253 989 4499; info@averdes.com; Hauptstra\u00dfe 118, D-76684 \u00d6stringen","breadcrumb":{"@id":"https:\/\/www.averdes.com\/kontakt\/#breadcrumb"},"inLanguage":"en-US","potentialAction":[{"@type":"ReadAction","target":["https:\/\/www.averdes.com\/kontakt\/"]}]},{"@type":"BreadcrumbList","@id":"https:\/\/www.averdes.com\/kontakt\/#breadcrumb","itemListElement":[{"@type":"ListItem","position":1,"name":"Startseite","item":"https:\/\/www.averdes.com\/"},{"@type":"ListItem","position":2,"name":"Kontakt"}]},{"@type":"WebSite","@id":"https:\/\/www.averdes.com\/#website","url":"https:\/\/www.averdes.com\/","name":"Averdes: Wir optimieren Ihre Accounting-Prozesse","description":"Doppelzahlungen (und viele andere \u00dcberzahlungen) finden &amp; R\u00fcckforderung sichern \u2013 ohne Aufwand","publisher":{"@id":"https:\/\/www.averdes.com\/#organization"},"potentialAction":[{"@type":"SearchAction","target":{"@type":"EntryPoint","urlTemplate":"https:\/\/www.averdes.com\/?s={search_term_string}"},"query-input":{"@type":"PropertyValueSpecification","valueRequired":true,"valueName":"search_term_string"}}],"inLanguage":"en-US"},{"@type":"Organization","@id":"https:\/\/www.averdes.com\/#organization","name":"Averdes GmbH","url":"https:\/\/www.averdes.com\/","logo":{"@type":"ImageObject","inLanguage":"en-US","@id":"https:\/\/www.averdes.com\/#\/schema\/logo\/image\/","url":"https:\/\/www.averdes.com\/wp-content\/uploads\/2023\/03\/cropped-favicon.png","contentUrl":"https:\/\/www.averdes.com\/wp-content\/uploads\/2023\/03\/cropped-favicon.png","width":512,"height":512,"caption":"Averdes GmbH"},"image":{"@id":"https:\/\/www.averdes.com\/#\/schema\/logo\/image\/"},"sameAs":["https:\/\/www.xing.com\/pages\/averdesgmbh","https:\/\/www.linkedin.com\/company\/averdes-gmbh\/"]}]}},"_links":{"self":[{"href":"https:\/\/www.averdes.com\/en\/wp-json\/wp\/v2\/pages\/26","targetHints":{"allow":["GET"]}}],"collection":[{"href":"https:\/\/www.averdes.com\/en\/wp-json\/wp\/v2\/pages"}],"about":[{"href":"https:\/\/www.averdes.com\/en\/wp-json\/wp\/v2\/types\/page"}],"author":[{"embeddable":true,"href":"https:\/\/www.averdes.com\/en\/wp-json\/wp\/v2\/users\/1"}],"replies":[{"embeddable":true,"href":"https:\/\/www.averdes.com\/en\/wp-json\/wp\/v2\/comments?post=26"}],"version-history":[{"count":10,"href":"https:\/\/www.averdes.com\/en\/wp-json\/wp\/v2\/pages\/26\/revisions"}],"predecessor-version":[{"id":3919,"href":"https:\/\/www.averdes.com\/en\/wp-json\/wp\/v2\/pages\/26\/revisions\/3919"}],"wp:attachment":[{"href":"https:\/\/www.averdes.com\/en\/wp-json\/wp\/v2\/media?parent=26"}],"curies":[{"name":"wp","href":"https:\/\/api.w.org\/{rel}","templated":true}]}}