{"id":34,"date":"2023-03-08T17:24:50","date_gmt":"2023-03-08T16:24:50","guid":{"rendered":"https:\/\/www.averdes.com\/?page_id=34"},"modified":"2025-10-29T18:58:47","modified_gmt":"2025-10-29T17:58:47","slug":"preise","status":"publish","type":"page","link":"https:\/\/www.averdes.com\/en\/unternehmen\/preise\/","title":{"rendered":"Fees"},"content":{"rendered":"<div data-elementor-type=\"wp-page\" data-elementor-id=\"34\" class=\"elementor elementor-34\" data-elementor-post-type=\"page\">\n\t\t\t\t\t\t<section class=\"elementor-section elementor-top-section elementor-element elementor-element-56b9e25 elementor-section-full_width elementor-section-height-min-height elementor-section-height-default elementor-section-items-middle\" data-id=\"56b9e25\" data-element_type=\"section\" data-e-type=\"section\" data-settings=\"{&quot;background_background&quot;:&quot;classic&quot;}\">\n\t\t\t\t\t\t<div class=\"elementor-container elementor-column-gap-no\">\n\t\t\t\t\t<div class=\"elementor-column elementor-col-100 elementor-top-column elementor-element elementor-element-e96c42d elementor-hidden-mobile\" data-id=\"e96c42d\" data-element_type=\"column\" data-e-type=\"column\" data-settings=\"{&quot;background_background&quot;:&quot;gradient&quot;}\">\n\t\t\t<div class=\"elementor-widget-wrap elementor-element-populated\">\n\t\t\t\t\t\t<section class=\"elementor-section elementor-inner-section elementor-element elementor-element-e87e765 elementor-hidden-mobile elementor-section-boxed elementor-section-height-default elementor-section-height-default\" data-id=\"e87e765\" data-element_type=\"section\" data-e-type=\"section\">\n\t\t\t\t\t\t<div class=\"elementor-container elementor-column-gap-default\">\n\t\t\t\t\t<div class=\"elementor-column elementor-col-100 elementor-inner-column elementor-element elementor-element-ec8e41b\" data-id=\"ec8e41b\" data-element_type=\"column\" data-e-type=\"column\">\n\t\t\t<div class=\"elementor-widget-wrap\">\n\t\t\t\t\t\t\t<\/div>\n\t\t<\/div>\n\t\t\t\t\t<\/div>\n\t\t<\/section>\n\t\t\t\t\t<\/div>\n\t\t<\/div>\n\t\t\t\t\t<\/div>\n\t\t<\/section>\n\t\t\t\t<section class=\"elementor-section elementor-top-section elementor-element elementor-element-d8a09ef elementor-section-boxed elementor-section-height-default elementor-section-height-default\" data-id=\"d8a09ef\" data-element_type=\"section\" data-e-type=\"section\">\n\t\t\t\t\t\t<div class=\"elementor-container elementor-column-gap-default\">\n\t\t\t\t\t<div class=\"elementor-column elementor-col-100 elementor-top-column elementor-element elementor-element-a938541\" data-id=\"a938541\" data-element_type=\"column\" data-e-type=\"column\">\n\t\t\t<div class=\"elementor-widget-wrap elementor-element-populated\">\n\t\t\t\t\t\t<div class=\"elementor-element elementor-element-f08a7ed elementor-widget elementor-widget-text-editor\" data-id=\"f08a7ed\" data-element_type=\"widget\" data-e-type=\"widget\" data-widget_type=\"text-editor.default\">\n\t\t\t\t<div class=\"elementor-widget-container\">\n\t\t\t\t\t\t\t\t\t<p><b>Our fee<\/b><\/p>\t\t\t\t\t\t\t\t<\/div>\n\t\t\t\t<\/div>\n\t\t\t\t<div class=\"elementor-element elementor-element-30969c2 elementor-widget__width-initial elementor-widget-laptop__width-initial elementor-widget-tablet__width-initial elementor-widget-mobile_extra__width-initial elementor-widget elementor-widget-heading\" data-id=\"30969c2\" data-element_type=\"widget\" data-e-type=\"widget\" data-widget_type=\"heading.default\">\n\t\t\t\t<div class=\"elementor-widget-container\">\n\t\t\t\t\t<h1 class=\"elementor-heading-title elementor-size-default\">Here's the best part: Our service costs you nothing - <br>you only pay when we deliver results. <\/h1>\t\t\t\t<\/div>\n\t\t\t\t<\/div>\n\t\t\t\t<div class=\"elementor-element elementor-element-8fa59a2 elementor-widget elementor-widget-text-editor\" data-id=\"8fa59a2\" data-element_type=\"widget\" data-e-type=\"widget\" data-widget_type=\"text-editor.default\">\n\t\t\t\t<div class=\"elementor-widget-container\">\n\t\t\t\t\t\t\t\t\t<p><strong>Not possible?\u00a0<\/strong>Yes, it is - and we can also explain why.<\/p>\t\t\t\t\t\t\t\t<\/div>\n\t\t\t\t<\/div>\n\t\t\t\t\t<\/div>\n\t\t<\/div>\n\t\t\t\t\t<\/div>\n\t\t<\/section>\n\t\t\t\t<section class=\"elementor-section elementor-top-section elementor-element elementor-element-80ac47a elementor-section-boxed elementor-section-height-default elementor-section-height-default\" data-id=\"80ac47a\" data-element_type=\"section\" data-e-type=\"section\" data-settings=\"{&quot;background_background&quot;:&quot;classic&quot;}\">\n\t\t\t\t\t\t<div class=\"elementor-container elementor-column-gap-default\">\n\t\t\t\t\t<div class=\"elementor-column elementor-col-50 elementor-top-column elementor-element elementor-element-a72f28d\" data-id=\"a72f28d\" data-element_type=\"column\" data-e-type=\"column\">\n\t\t\t<div class=\"elementor-widget-wrap elementor-element-populated\">\n\t\t\t\t\t\t<div class=\"elementor-element elementor-element-2743dc8 elementor-widget elementor-widget-heading\" data-id=\"2743dc8\" data-element_type=\"widget\" data-e-type=\"widget\" data-widget_type=\"heading.default\">\n\t\t\t\t<div class=\"elementor-widget-container\">\n\t\t\t\t\t<h2 class=\"elementor-heading-title elementor-size-default\">We are good at what we do.<\/h2>\t\t\t\t<\/div>\n\t\t\t\t<\/div>\n\t\t\t\t<div class=\"elementor-element elementor-element-67dbcbe elementor-widget elementor-widget-text-editor\" data-id=\"67dbcbe\" data-element_type=\"widget\" data-e-type=\"widget\" data-widget_type=\"text-editor.default\">\n\t\t\t\t<div class=\"elementor-widget-container\">\n\t\t\t\t\t\t\t\t\t<p>Therefore, we consistently identify refund opportunities and additional income for our clients.<span class=\"Apple-converted-space\">\u00a0<\/span><\/p>\t\t\t\t\t\t\t\t<\/div>\n\t\t\t\t<\/div>\n\t\t\t\t\t<\/div>\n\t\t<\/div>\n\t\t\t\t<div class=\"elementor-column elementor-col-50 elementor-top-column elementor-element elementor-element-526d65c\" data-id=\"526d65c\" data-element_type=\"column\" data-e-type=\"column\">\n\t\t\t<div class=\"elementor-widget-wrap elementor-element-populated\">\n\t\t\t\t\t\t<div class=\"elementor-element elementor-element-dcba395 elementor-widget elementor-widget-text-editor\" data-id=\"dcba395\" data-element_type=\"widget\" data-e-type=\"widget\" data-widget_type=\"text-editor.default\">\n\t\t\t\t<div class=\"elementor-widget-container\">\n\t\t\t\t\t\t\t\t\t<p>We only participate in the recoveries we generate for you. That\u2019s fair \u2013 and entirely risk-free for you. This means our service doesn\u2019t cost you anything upfront. In fact, you gain financially.\u00a0<\/p><p>And what if we don\u2019t find any overpayments? It\u2019s simple: our service remains completely free of charge. No invoice \u2013 guaranteed. But here\u2019s a little secret: that\u2019s never happened before.<span class=\"Apple-converted-space\">\u00a0<\/span><\/p><p>We\u2019ll be happy to explain the details of our success-based fee, pricing for other analyses, or provide a tailored offer for your specific situation in a personal consultation.<\/p>\t\t\t\t\t\t\t\t<\/div>\n\t\t\t\t<\/div>\n\t\t\t\t<div class=\"elementor-element elementor-element-5a7a74d elementor-align-left elementor-widget elementor-widget-button\" data-id=\"5a7a74d\" data-element_type=\"widget\" data-e-type=\"widget\" data-widget_type=\"button.default\">\n\t\t\t\t<div class=\"elementor-widget-container\">\n\t\t\t\t\t\t\t\t\t<div class=\"elementor-button-wrapper\">\n\t\t\t\t\t<a class=\"elementor-button elementor-button-link elementor-size-sm elementor-animation-float\" href=\"https:\/\/www.averdes.com\/en\/beratungstermin\/\">\n\t\t\t\t\t\t<span class=\"elementor-button-content-wrapper\">\n\t\t\t\t\t\t<span class=\"elementor-button-icon\">\n\t\t\t\t<i aria-hidden=\"true\" class=\"icon icon-right-arrow1\"><\/i>\t\t\t<\/span>\n\t\t\t\t\t\t\t\t\t<span class=\"elementor-button-text\">Request demo<\/span>\n\t\t\t\t\t<\/span>\n\t\t\t\t\t<\/a>\n\t\t\t\t<\/div>\n\t\t\t\t\t\t\t\t<\/div>\n\t\t\t\t<\/div>\n\t\t\t\t\t<\/div>\n\t\t<\/div>\n\t\t\t\t\t<\/div>\n\t\t<\/section>\n\t\t\t\t<\/div>","protected":false},"excerpt":{"rendered":"<p>Unser Honorar Und jetzt kommt der Clou: Das Ganze kostet Sie n\u00e4mlich nichts. Gar nichts. Kann nicht sein?\u00a0Doch. Und wir erkl\u00e4ren auch gerne warum. Wir sind gut in dem, was wir tun. Und darum finden wir immer etwas, was f\u00fcr Sie zu R\u00fcckzahlungen f\u00fchrt.\u00a0 Und nur an diesen R\u00fcckzahlungen lassen wir uns beteiligen. Das ist [&hellip;]<\/p>\n","protected":false},"author":1,"featured_media":0,"parent":24,"menu_order":0,"comment_status":"closed","ping_status":"closed","template":"","meta":{"site-sidebar-layout":"no-sidebar","site-content-layout":"page-builder","ast-site-content-layout":"full-width-container","site-content-style":"unboxed","site-sidebar-style":"unboxed","ast-global-header-display":"disabled","ast-banner-title-visibility":"","ast-main-header-display":"","ast-hfb-above-header-display":"","ast-hfb-below-header-display":"","ast-hfb-mobile-header-display":"","site-post-title":"disabled","ast-breadcrumbs-content":"","ast-featured-img":"disabled","footer-sml-layout":"disabled","ast-disable-related-posts":"","theme-transparent-header-meta":"","adv-header-id-meta":"","stick-header-meta":"","header-above-stick-meta":"","header-main-stick-meta":"","header-below-stick-meta":"","astra-migrate-meta-layouts":"set","ast-page-background-enabled":"default","ast-page-background-meta":{"desktop":{"background-color":"var(--ast-global-color-4)","background-image":"","background-repeat":"repeat","background-position":"center center","background-size":"auto","background-attachment":"scroll","background-type":"","background-media":"","overlay-type":"","overlay-color":"","overlay-opacity":"","overlay-gradient":""},"tablet":{"background-color":"","background-image":"","background-repeat":"repeat","background-position":"center center","background-size":"auto","background-attachment":"scroll","background-type":"","background-media":"","overlay-type":"","overlay-color":"","overlay-opacity":"","overlay-gradient":""},"mobile":{"background-color":"","background-image":"","background-repeat":"repeat","background-position":"center center","background-size":"auto","background-attachment":"scroll","background-type":"","background-media":"","overlay-type":"","overlay-color":"","overlay-opacity":"","overlay-gradient":""}},"ast-content-background-meta":{"desktop":{"background-color":"var(--ast-global-color-5)","background-image":"","background-repeat":"repeat","background-position":"center center","background-size":"auto","background-attachment":"scroll","background-type":"","background-media":"","overlay-type":"","overlay-color":"","overlay-opacity":"","overlay-gradient":""},"tablet":{"background-color":"var(--ast-global-color-5)","background-image":"","background-repeat":"repeat","background-position":"center center","background-size":"auto","background-attachment":"scroll","background-type":"","background-media":"","overlay-type":"","overlay-color":"","overlay-opacity":"","overlay-gradient":""},"mobile":{"background-color":"var(--ast-global-color-5)","background-image":"","background-repeat":"repeat","background-position":"center center","background-size":"auto","background-attachment":"scroll","background-type":"","background-media":"","overlay-type":"","overlay-color":"","overlay-opacity":"","overlay-gradient":""}},"footnotes":""},"class_list":["post-34","page","type-page","status-publish","hentry"],"yoast_head":"<!-- This site is optimized with the Yoast SEO plugin v27.5 - https:\/\/yoast.com\/product\/yoast-seo-wordpress\/ -->\n<title>Erfolgsbasierte Preisstruktur \u2013 nur zahlen bei Ergebnis<\/title>\n<meta name=\"description\" content=\"Unser Honorar richtet sich nach Ihrem Erfolg. Keine R\u00fcckzahlungen, keine Kosten. F\u00fcr Sonderanalysen oder individuelle Angebote beraten wir Sie pers\u00f6nlich &amp; unverbindlich.\" \/>\n<meta name=\"robots\" content=\"index, follow, max-snippet:-1, max-image-preview:large, max-video-preview:-1\" \/>\n<link rel=\"canonical\" href=\"https:\/\/www.averdes.com\/en\/unternehmen\/preise\/\" \/>\n<meta property=\"og:locale\" content=\"en_US\" \/>\n<meta property=\"og:type\" content=\"article\" \/>\n<meta property=\"og:title\" content=\"Erfolgsbasierte Preisstruktur \u2013 nur zahlen bei Ergebnis\" \/>\n<meta property=\"og:description\" content=\"Unser Honorar richtet sich nach Ihrem Erfolg. Keine R\u00fcckzahlungen, keine Kosten. F\u00fcr Sonderanalysen oder individuelle Angebote beraten wir Sie pers\u00f6nlich &amp; unverbindlich.\" \/>\n<meta property=\"og:url\" content=\"https:\/\/www.averdes.com\/en\/unternehmen\/preise\/\" \/>\n<meta property=\"og:site_name\" content=\"Averdes: Wir optimieren Ihre Accounting-Prozesse\" \/>\n<meta property=\"article:modified_time\" content=\"2025-10-29T17:58:47+00:00\" \/>\n<meta property=\"og:image\" content=\"https:\/\/www.averdes.com\/wp-content\/uploads\/2023\/03\/cropped-favicon.png\" \/>\n\t<meta property=\"og:image:width\" content=\"512\" \/>\n\t<meta property=\"og:image:height\" content=\"512\" \/>\n\t<meta property=\"og:image:type\" content=\"image\/png\" \/>\n<meta name=\"twitter:card\" content=\"summary_large_image\" \/>\n<meta name=\"twitter:label1\" content=\"Est. reading time\" \/>\n\t<meta name=\"twitter:data1\" content=\"1 minute\" \/>\n<script type=\"application\/ld+json\" class=\"yoast-schema-graph\">{\"@context\":\"https:\\\/\\\/schema.org\",\"@graph\":[{\"@type\":\"WebPage\",\"@id\":\"https:\\\/\\\/www.averdes.com\\\/unternehmen\\\/preise\\\/\",\"url\":\"https:\\\/\\\/www.averdes.com\\\/unternehmen\\\/preise\\\/\",\"name\":\"Erfolgsbasierte Preisstruktur \u2013 nur zahlen bei Ergebnis\",\"isPartOf\":{\"@id\":\"https:\\\/\\\/www.averdes.com\\\/#website\"},\"datePublished\":\"2023-03-08T16:24:50+00:00\",\"dateModified\":\"2025-10-29T17:58:47+00:00\",\"description\":\"Unser Honorar richtet sich nach Ihrem Erfolg. Keine R\u00fcckzahlungen, keine Kosten. F\u00fcr Sonderanalysen oder individuelle Angebote beraten wir Sie pers\u00f6nlich & unverbindlich.\",\"breadcrumb\":{\"@id\":\"https:\\\/\\\/www.averdes.com\\\/unternehmen\\\/preise\\\/#breadcrumb\"},\"inLanguage\":\"en-US\",\"potentialAction\":[{\"@type\":\"ReadAction\",\"target\":[\"https:\\\/\\\/www.averdes.com\\\/unternehmen\\\/preise\\\/\"]}]},{\"@type\":\"BreadcrumbList\",\"@id\":\"https:\\\/\\\/www.averdes.com\\\/unternehmen\\\/preise\\\/#breadcrumb\",\"itemListElement\":[{\"@type\":\"ListItem\",\"position\":1,\"name\":\"Startseite\",\"item\":\"https:\\\/\\\/www.averdes.com\\\/\"},{\"@type\":\"ListItem\",\"position\":2,\"name\":\"Unternehmen\",\"item\":\"https:\\\/\\\/www.averdes.com\\\/unternehmen\\\/\"},{\"@type\":\"ListItem\",\"position\":3,\"name\":\"Preise\"}]},{\"@type\":\"WebSite\",\"@id\":\"https:\\\/\\\/www.averdes.com\\\/#website\",\"url\":\"https:\\\/\\\/www.averdes.com\\\/\",\"name\":\"Averdes: Wir optimieren Ihre Accounting-Prozesse\",\"description\":\"Doppelzahlungen (und viele andere \u00dcberzahlungen) finden &amp; R\u00fcckforderung sichern \u2013 ohne Aufwand\",\"publisher\":{\"@id\":\"https:\\\/\\\/www.averdes.com\\\/#organization\"},\"potentialAction\":[{\"@type\":\"SearchAction\",\"target\":{\"@type\":\"EntryPoint\",\"urlTemplate\":\"https:\\\/\\\/www.averdes.com\\\/?s={search_term_string}\"},\"query-input\":{\"@type\":\"PropertyValueSpecification\",\"valueRequired\":true,\"valueName\":\"search_term_string\"}}],\"inLanguage\":\"en-US\"},{\"@type\":\"Organization\",\"@id\":\"https:\\\/\\\/www.averdes.com\\\/#organization\",\"name\":\"Averdes GmbH\",\"url\":\"https:\\\/\\\/www.averdes.com\\\/\",\"logo\":{\"@type\":\"ImageObject\",\"inLanguage\":\"en-US\",\"@id\":\"https:\\\/\\\/www.averdes.com\\\/#\\\/schema\\\/logo\\\/image\\\/\",\"url\":\"https:\\\/\\\/www.averdes.com\\\/wp-content\\\/uploads\\\/2023\\\/03\\\/cropped-favicon.png\",\"contentUrl\":\"https:\\\/\\\/www.averdes.com\\\/wp-content\\\/uploads\\\/2023\\\/03\\\/cropped-favicon.png\",\"width\":512,\"height\":512,\"caption\":\"Averdes GmbH\"},\"image\":{\"@id\":\"https:\\\/\\\/www.averdes.com\\\/#\\\/schema\\\/logo\\\/image\\\/\"},\"sameAs\":[\"https:\\\/\\\/www.xing.com\\\/pages\\\/averdesgmbh\",\"https:\\\/\\\/www.linkedin.com\\\/company\\\/averdes-gmbh\\\/\"]}]}<\/script>\n<!-- \/ Yoast SEO plugin. -->","yoast_head_json":{"title":"Erfolgsbasierte Preisstruktur \u2013 nur zahlen bei Ergebnis","description":"Unser Honorar richtet sich nach Ihrem Erfolg. Keine R\u00fcckzahlungen, keine Kosten. F\u00fcr Sonderanalysen oder individuelle Angebote beraten wir Sie pers\u00f6nlich & unverbindlich.","robots":{"index":"index","follow":"follow","max-snippet":"max-snippet:-1","max-image-preview":"max-image-preview:large","max-video-preview":"max-video-preview:-1"},"canonical":"https:\/\/www.averdes.com\/en\/unternehmen\/preise\/","og_locale":"en_US","og_type":"article","og_title":"Erfolgsbasierte Preisstruktur \u2013 nur zahlen bei Ergebnis","og_description":"Unser Honorar richtet sich nach Ihrem Erfolg. Keine R\u00fcckzahlungen, keine Kosten. F\u00fcr Sonderanalysen oder individuelle Angebote beraten wir Sie pers\u00f6nlich & unverbindlich.","og_url":"https:\/\/www.averdes.com\/en\/unternehmen\/preise\/","og_site_name":"Averdes: Wir optimieren Ihre Accounting-Prozesse","article_modified_time":"2025-10-29T17:58:47+00:00","og_image":[{"width":512,"height":512,"url":"https:\/\/www.averdes.com\/wp-content\/uploads\/2023\/03\/cropped-favicon.png","type":"image\/png"}],"twitter_card":"summary_large_image","twitter_misc":{"Est. reading time":"1 minute"},"schema":{"@context":"https:\/\/schema.org","@graph":[{"@type":"WebPage","@id":"https:\/\/www.averdes.com\/unternehmen\/preise\/","url":"https:\/\/www.averdes.com\/unternehmen\/preise\/","name":"Erfolgsbasierte Preisstruktur \u2013 nur zahlen bei Ergebnis","isPartOf":{"@id":"https:\/\/www.averdes.com\/#website"},"datePublished":"2023-03-08T16:24:50+00:00","dateModified":"2025-10-29T17:58:47+00:00","description":"Unser Honorar richtet sich nach Ihrem Erfolg. Keine R\u00fcckzahlungen, keine Kosten. F\u00fcr Sonderanalysen oder individuelle Angebote beraten wir Sie pers\u00f6nlich & unverbindlich.","breadcrumb":{"@id":"https:\/\/www.averdes.com\/unternehmen\/preise\/#breadcrumb"},"inLanguage":"en-US","potentialAction":[{"@type":"ReadAction","target":["https:\/\/www.averdes.com\/unternehmen\/preise\/"]}]},{"@type":"BreadcrumbList","@id":"https:\/\/www.averdes.com\/unternehmen\/preise\/#breadcrumb","itemListElement":[{"@type":"ListItem","position":1,"name":"Startseite","item":"https:\/\/www.averdes.com\/"},{"@type":"ListItem","position":2,"name":"Unternehmen","item":"https:\/\/www.averdes.com\/unternehmen\/"},{"@type":"ListItem","position":3,"name":"Preise"}]},{"@type":"WebSite","@id":"https:\/\/www.averdes.com\/#website","url":"https:\/\/www.averdes.com\/","name":"Averdes: Wir optimieren Ihre Accounting-Prozesse","description":"Doppelzahlungen (und viele andere \u00dcberzahlungen) finden &amp; R\u00fcckforderung sichern \u2013 ohne Aufwand","publisher":{"@id":"https:\/\/www.averdes.com\/#organization"},"potentialAction":[{"@type":"SearchAction","target":{"@type":"EntryPoint","urlTemplate":"https:\/\/www.averdes.com\/?s={search_term_string}"},"query-input":{"@type":"PropertyValueSpecification","valueRequired":true,"valueName":"search_term_string"}}],"inLanguage":"en-US"},{"@type":"Organization","@id":"https:\/\/www.averdes.com\/#organization","name":"Averdes GmbH","url":"https:\/\/www.averdes.com\/","logo":{"@type":"ImageObject","inLanguage":"en-US","@id":"https:\/\/www.averdes.com\/#\/schema\/logo\/image\/","url":"https:\/\/www.averdes.com\/wp-content\/uploads\/2023\/03\/cropped-favicon.png","contentUrl":"https:\/\/www.averdes.com\/wp-content\/uploads\/2023\/03\/cropped-favicon.png","width":512,"height":512,"caption":"Averdes GmbH"},"image":{"@id":"https:\/\/www.averdes.com\/#\/schema\/logo\/image\/"},"sameAs":["https:\/\/www.xing.com\/pages\/averdesgmbh","https:\/\/www.linkedin.com\/company\/averdes-gmbh\/"]}]}},"_links":{"self":[{"href":"https:\/\/www.averdes.com\/en\/wp-json\/wp\/v2\/pages\/34","targetHints":{"allow":["GET"]}}],"collection":[{"href":"https:\/\/www.averdes.com\/en\/wp-json\/wp\/v2\/pages"}],"about":[{"href":"https:\/\/www.averdes.com\/en\/wp-json\/wp\/v2\/types\/page"}],"author":[{"embeddable":true,"href":"https:\/\/www.averdes.com\/en\/wp-json\/wp\/v2\/users\/1"}],"replies":[{"embeddable":true,"href":"https:\/\/www.averdes.com\/en\/wp-json\/wp\/v2\/comments?post=34"}],"version-history":[{"count":10,"href":"https:\/\/www.averdes.com\/en\/wp-json\/wp\/v2\/pages\/34\/revisions"}],"predecessor-version":[{"id":3977,"href":"https:\/\/www.averdes.com\/en\/wp-json\/wp\/v2\/pages\/34\/revisions\/3977"}],"up":[{"embeddable":true,"href":"https:\/\/www.averdes.com\/en\/wp-json\/wp\/v2\/pages\/24"}],"wp:attachment":[{"href":"https:\/\/www.averdes.com\/en\/wp-json\/wp\/v2\/media?parent=34"}],"curies":[{"name":"wp","href":"https:\/\/api.w.org\/{rel}","templated":true}]}}